{"id":15633,"date":"2025-08-07T00:59:24","date_gmt":"2025-08-06T22:59:24","guid":{"rendered":"https:\/\/cna.lpo.fr\/?page_id=15633"},"modified":"2025-09-16T16:10:33","modified_gmt":"2025-09-16T14:10:33","slug":"les-partenaires-du-cna","status":"publish","type":"page","link":"https:\/\/cna.lpo.fr\/?page_id=15633","title":{"rendered":"Les membres du CNA"},"content":{"rendered":"<p><img loading=\"lazy\" decoding=\"async\" class=\"size-full wp-image-32953 aligncenter\" src=\"https:\/\/cna.lpo.fr\/wp-content\/uploads\/2025\/09\/partenaire-1.jpeg\" alt=\"\" width=\"995\" height=\"672\" srcset=\"https:\/\/cna.lpo.fr\/wp-content\/uploads\/2025\/09\/partenaire-1.jpeg 995w, https:\/\/cna.lpo.fr\/wp-content\/uploads\/2025\/09\/partenaire-1-300x203.jpeg 300w, https:\/\/cna.lpo.fr\/wp-content\/uploads\/2025\/09\/partenaire-1-768x519.jpeg 768w\" sizes=\"auto, (max-width: 995px) 100vw, 995px\" \/><\/p>\n\n\n<h3 class=\"wp-block-heading has-text-align-center\">Les membres du CNA<\/h3>\n\n\n\n<div class=\"wp-block-media-text is-stacked-on-mobile is-vertically-aligned-center\" style=\"grid-template-columns:30% auto\"><figure class=\"wp-block-media-text__media\"><img loading=\"lazy\" decoding=\"async\" width=\"1024\" height=\"426\" src=\"https:\/\/cna.lpo.fr\/wp-content\/uploads\/2025\/09\/ENEDIS_Logotype_FondClair_RVB_EXE-scaled-e1756818603164-1024x426.jpg\" alt=\"\" class=\"wp-image-32928 size-full\" srcset=\"https:\/\/cna.lpo.fr\/wp-content\/uploads\/2025\/09\/ENEDIS_Logotype_FondClair_RVB_EXE-scaled-e1756818603164-1024x426.jpg 1024w, https:\/\/cna.lpo.fr\/wp-content\/uploads\/2025\/09\/ENEDIS_Logotype_FondClair_RVB_EXE-scaled-e1756818603164-300x125.jpg 300w, https:\/\/cna.lpo.fr\/wp-content\/uploads\/2025\/09\/ENEDIS_Logotype_FondClair_RVB_EXE-scaled-e1756818603164-768x320.jpg 768w, https:\/\/cna.lpo.fr\/wp-content\/uploads\/2025\/09\/ENEDIS_Logotype_FondClair_RVB_EXE-scaled-e1756818603164-1536x640.jpg 1536w, https:\/\/cna.lpo.fr\/wp-content\/uploads\/2025\/09\/ENEDIS_Logotype_FondClair_RVB_EXE-scaled-e1756818603164-2048x853.jpg 2048w\" sizes=\"auto, (max-width: 1024px) 100vw, 1024px\" \/><\/figure><div class=\"wp-block-media-text__content\">\n<p><a href=\"https:\/\/www.enedis.fr\/sites\/default\/files\/documents\/pdf\/enedis-rapport-rse-2024.pdf?VersionId=6kWUnEFwQzOG0Tpfoh.kpK5IXgaxdFRh\">Enedis <\/a>&#8211; R\u00e9seau de Distribution d&rsquo;Electricit\u00e9 <\/p>\n\n\n\n<p><a href=\"https:\/\/www.enedis.fr\/presse\/protection-des-oiseaux-lancement-du-projet-europeen-safelines4birds-programme-life\">Enedis et le LIFE SL4B<\/a><\/p>\n<\/div><\/div>\n\n\n\n<div class=\"wp-block-media-text is-stacked-on-mobile is-vertically-aligned-center\" style=\"grid-template-columns:15% auto\"><figure class=\"wp-block-media-text__media\"><img loading=\"lazy\" decoding=\"async\" width=\"1024\" height=\"851\" src=\"https:\/\/cna.lpo.fr\/wp-content\/uploads\/2025\/09\/Logo_Principal_ROUGE_RVB-1024x851.jpg\" alt=\"\" class=\"wp-image-32930 size-full\" srcset=\"https:\/\/cna.lpo.fr\/wp-content\/uploads\/2025\/09\/Logo_Principal_ROUGE_RVB-1024x851.jpg 1024w, https:\/\/cna.lpo.fr\/wp-content\/uploads\/2025\/09\/Logo_Principal_ROUGE_RVB-300x249.jpg 300w, https:\/\/cna.lpo.fr\/wp-content\/uploads\/2025\/09\/Logo_Principal_ROUGE_RVB-768x639.jpg 768w, https:\/\/cna.lpo.fr\/wp-content\/uploads\/2025\/09\/Logo_Principal_ROUGE_RVB-1536x1277.jpg 1536w, https:\/\/cna.lpo.fr\/wp-content\/uploads\/2025\/09\/Logo_Principal_ROUGE_RVB-2048x1703.jpg 2048w\" sizes=\"auto, (max-width: 1024px) 100vw, 1024px\" \/><\/figure><div class=\"wp-block-media-text__content\">\n<p><a href=\"https:\/\/fne.asso.fr\/\">FNE<strong> <\/strong><\/a>&#8211; France Nature Environnement <\/p>\n<\/div><\/div>\n\n\n\n<div class=\"wp-block-media-text is-stacked-on-mobile is-vertically-aligned-center\" style=\"grid-template-columns:30% auto\"><figure class=\"wp-block-media-text__media\"><img loading=\"lazy\" decoding=\"async\" width=\"1024\" height=\"442\" src=\"https:\/\/cna.lpo.fr\/wp-content\/uploads\/2025\/09\/LPO_LOGOTYPE_SIGNATURE_DROITE_HD-1024x442.png\" alt=\"\" class=\"wp-image-32931 size-full\" srcset=\"https:\/\/cna.lpo.fr\/wp-content\/uploads\/2025\/09\/LPO_LOGOTYPE_SIGNATURE_DROITE_HD-1024x442.png 1024w, https:\/\/cna.lpo.fr\/wp-content\/uploads\/2025\/09\/LPO_LOGOTYPE_SIGNATURE_DROITE_HD-300x129.png 300w, https:\/\/cna.lpo.fr\/wp-content\/uploads\/2025\/09\/LPO_LOGOTYPE_SIGNATURE_DROITE_HD-768x331.png 768w, https:\/\/cna.lpo.fr\/wp-content\/uploads\/2025\/09\/LPO_LOGOTYPE_SIGNATURE_DROITE_HD-1536x662.png 1536w, https:\/\/cna.lpo.fr\/wp-content\/uploads\/2025\/09\/LPO_LOGOTYPE_SIGNATURE_DROITE_HD-2048x883.png 2048w\" sizes=\"auto, (max-width: 1024px) 100vw, 1024px\" \/><\/figure><div class=\"wp-block-media-text__content\">\n<p><strong><a href=\"https:\/\/www.lpo.fr\/\">LPO <\/a><\/strong>&#8211; Ligue pour la Protection des Oiseaux<\/p>\n<\/div><\/div>\n\n\n\n<div class=\"wp-block-media-text is-stacked-on-mobile is-vertically-aligned-center\" style=\"grid-template-columns:15% auto\"><figure class=\"wp-block-media-text__media\"><img loading=\"lazy\" decoding=\"async\" width=\"1024\" height=\"1024\" src=\"https:\/\/cna.lpo.fr\/wp-content\/uploads\/2025\/09\/RTE_logo.svg_-1024x1024.png\" alt=\"\" class=\"wp-image-32929 size-full\" srcset=\"https:\/\/cna.lpo.fr\/wp-content\/uploads\/2025\/09\/RTE_logo.svg_-1024x1024.png 1024w, https:\/\/cna.lpo.fr\/wp-content\/uploads\/2025\/09\/RTE_logo.svg_-300x300.png 300w, https:\/\/cna.lpo.fr\/wp-content\/uploads\/2025\/09\/RTE_logo.svg_-150x150.png 150w, https:\/\/cna.lpo.fr\/wp-content\/uploads\/2025\/09\/RTE_logo.svg_-768x768.png 768w, https:\/\/cna.lpo.fr\/wp-content\/uploads\/2025\/09\/RTE_logo.svg_.png 1200w\" sizes=\"auto, (max-width: 1024px) 100vw, 1024px\" \/><\/figure><div class=\"wp-block-media-text__content\">\n<p><strong><a href=\"https:\/\/www.rte-france.com\/\">RTE<\/a> <\/strong>&#8211; R\u00e9seau de Transport d&rsquo;Electricit\u00e9<\/p>\n<\/div><\/div>\n\n\n\n<hr class=\"wp-block-separator has-alpha-channel-opacity\"\/>\n\n\n\n<h3 class=\"wp-block-heading has-text-align-center\">Les invit\u00e9s du CNA<\/h3>\n\n\n\n<div class=\"wp-block-media-text is-stacked-on-mobile\" style=\"grid-template-columns:15% auto\"><figure class=\"wp-block-media-text__media\"><img loading=\"lazy\" decoding=\"async\" width=\"1024\" height=\"743\" src=\"https:\/\/cna.lpo.fr\/wp-content\/uploads\/2025\/09\/Ministere_de_la_Transition_ecologique.svg-2-1024x743.png\" alt=\"\" class=\"wp-image-33070 size-full\" srcset=\"https:\/\/cna.lpo.fr\/wp-content\/uploads\/2025\/09\/Ministere_de_la_Transition_ecologique.svg-2-1024x743.png 1024w, https:\/\/cna.lpo.fr\/wp-content\/uploads\/2025\/09\/Ministere_de_la_Transition_ecologique.svg-2-300x218.png 300w, https:\/\/cna.lpo.fr\/wp-content\/uploads\/2025\/09\/Ministere_de_la_Transition_ecologique.svg-2-768x557.png 768w, https:\/\/cna.lpo.fr\/wp-content\/uploads\/2025\/09\/Ministere_de_la_Transition_ecologique.svg-2.png 1200w\" sizes=\"auto, (max-width: 1024px) 100vw, 1024px\" \/><\/figure><div class=\"wp-block-media-text__content\">\n<p><a href=\"https:\/\/www.ecologie.gouv.fr\/\">Minist\u00e8re de la Transition Ecologique<\/a><\/p>\n<\/div><\/div>\n\n\n\n<div class=\"wp-block-media-text is-stacked-on-mobile\" style=\"grid-template-columns:15% auto\"><figure class=\"wp-block-media-text__media\"><img loading=\"lazy\" decoding=\"async\" width=\"1024\" height=\"724\" src=\"https:\/\/cna.lpo.fr\/wp-content\/uploads\/2025\/09\/Logo_SNCF_Reseau_2015.svg_-1024x724.png\" alt=\"\" class=\"wp-image-32938 size-full\" srcset=\"https:\/\/cna.lpo.fr\/wp-content\/uploads\/2025\/09\/Logo_SNCF_Reseau_2015.svg_-1024x724.png 1024w, https:\/\/cna.lpo.fr\/wp-content\/uploads\/2025\/09\/Logo_SNCF_Reseau_2015.svg_-300x212.png 300w, https:\/\/cna.lpo.fr\/wp-content\/uploads\/2025\/09\/Logo_SNCF_Reseau_2015.svg_-768x543.png 768w, https:\/\/cna.lpo.fr\/wp-content\/uploads\/2025\/09\/Logo_SNCF_Reseau_2015.svg_.png 1200w\" sizes=\"auto, (max-width: 1024px) 100vw, 1024px\" \/><\/figure><div class=\"wp-block-media-text__content\">\n<p><a href=\"https:\/\/www.sncf-reseau.com\/fr\">SNCF R\u00e9seau<\/a><\/p>\n<\/div><\/div>\n","protected":false},"excerpt":{"rendered":"<p>Les membres du CNA Enedis &#8211; R\u00e9seau de Distribution d&rsquo;Electricit\u00e9 Enedis et le LIFE SL4B FNE &#8211; France Nature Environnement LPO &#8211; Ligue pour la Protection des Oiseaux RTE &#8211; R\u00e9seau de Transport d&rsquo;Electricit\u00e9 Les invit\u00e9s du CNA Minist\u00e8re de la Transition Ecologique SNCF R\u00e9seau<\/p>\n","protected":false},"author":3,"featured_media":15629,"parent":0,"menu_order":0,"comment_status":"closed","ping_status":"closed","template":"","meta":{"footnotes":""},"class_list":["post-15633","page","type-page","status-publish","has-post-thumbnail","hentry"],"_links":{"self":[{"href":"https:\/\/cna.lpo.fr\/index.php?rest_route=\/wp\/v2\/pages\/15633","targetHints":{"allow":["GET"]}}],"collection":[{"href":"https:\/\/cna.lpo.fr\/index.php?rest_route=\/wp\/v2\/pages"}],"about":[{"href":"https:\/\/cna.lpo.fr\/index.php?rest_route=\/wp\/v2\/types\/page"}],"author":[{"embeddable":true,"href":"https:\/\/cna.lpo.fr\/index.php?rest_route=\/wp\/v2\/users\/3"}],"replies":[{"embeddable":true,"href":"https:\/\/cna.lpo.fr\/index.php?rest_route=%2Fwp%2Fv2%2Fcomments&post=15633"}],"version-history":[{"count":16,"href":"https:\/\/cna.lpo.fr\/index.php?rest_route=\/wp\/v2\/pages\/15633\/revisions"}],"predecessor-version":[{"id":33170,"href":"https:\/\/cna.lpo.fr\/index.php?rest_route=\/wp\/v2\/pages\/15633\/revisions\/33170"}],"wp:featuredmedia":[{"embeddable":true,"href":"https:\/\/cna.lpo.fr\/index.php?rest_route=\/wp\/v2\/media\/15629"}],"wp:attachment":[{"href":"https:\/\/cna.lpo.fr\/index.php?rest_route=%2Fwp%2Fv2%2Fmedia&parent=15633"}],"curies":[{"name":"wp","href":"https:\/\/api.w.org\/{rel}","templated":true}]}}