{"id":15641,"date":"2013-08-07T01:00:06","date_gmt":"2013-08-06T23:00:06","guid":{"rendered":"https:\/\/cna.lpo.fr\/?page_id=15641"},"modified":"2013-08-07T01:00:06","modified_gmt":"2013-08-06T23:00:06","slug":"les-dossiers-du-cna","status":"publish","type":"page","link":"https:\/\/cna.lpo.fr\/?page_id=15641","title":{"rendered":"Les dossiers du CNA"},"content":{"rendered":"<h3>Etude de l\u2019impact des lignes HT\/THT sur la mortalite\u0301 de l\u2019avifaune par collision<\/h3>\n<p>Projet de the\u0300se, <strong>Leyli Borner<\/strong>.<br \/>\nTh\u00e8se financ\u00e9e par RTE, sous la direction du Mus\u00e9um National d\u2019Histoire Naturelle et du Centre d\u2019Ecologie Fonctionnelle et Evolutive, ayant pour objectif principal de quantifier l\u2019impact du r\u00e9seau fran\u00e7ais de transport d\u2019\u00e9lectricit\u00e9 HT\/THT sur la mortalit\u00e9 par collision des oiseaux. Dur\u00e9e : 3 ans 2012\/2015.<\/p>\n<ul>\n<li><a href=\"https:\/\/cna.lpo.fr\/wp-content\/uploads\/2013\/08\/5-projet-de-seleyli-borner.pdf\" target=\"_blank\">Document de pr\u00e9sentation<\/a> (format PDF).<\/li>\n<\/ul>\n<h3>Le plan national anti-\u00e9lectrocution de l\u2019aigle de Bonelli<\/h3>\n<p>ERDF a lanc\u00e9 en 2011 dans le sud-est de la France un plan de protection de l\u2019aigle de Bonelli (en compl\u00e9ment du plan national de sauvegarde de l\u2019esp\u00e8ce)  , auquel s\u2019est associ\u00e9 RTE , afin de mettre en place les actions d\u2019installation des am\u00e9nagements protecteurs, avec les moyens pratiques de mise en \u0153uvre.<\/p>\n<ul>\n<li><a href=\"http:\/\/rapaces.lpo.fr\/sites\/default\/files\/cna-oiseaux-et-lignes-electriques\/1580\/fiche-aigle-de-bonelli.pdf\">Document de pr\u00e9sentation<\/a> (format pdf)<\/li>\n<\/ul>\n","protected":false},"excerpt":{"rendered":"<p>Etude de l\u2019impact des lignes HT\/THT sur la mortalite\u0301 de l\u2019avifaune par collision Projet de the\u0300se, Leyli Borner. Th\u00e8se financ\u00e9e par RTE, sous la direction du Mus\u00e9um National d\u2019Histoire Naturelle et du Centre d\u2019Ecologie Fonctionnelle et Evolutive, ayant pour objectif principal de quantifier l\u2019impact du r\u00e9seau fran\u00e7ais de transport d\u2019\u00e9lectricit\u00e9 HT\/THT sur la mortalit\u00e9 par [&hellip;]<\/p>\n","protected":false},"author":3,"featured_media":0,"parent":0,"menu_order":0,"comment_status":"closed","ping_status":"closed","template":"","meta":{"footnotes":""},"class_list":["post-15641","page","type-page","status-publish","hentry"],"_links":{"self":[{"href":"https:\/\/cna.lpo.fr\/index.php?rest_route=\/wp\/v2\/pages\/15641","targetHints":{"allow":["GET"]}}],"collection":[{"href":"https:\/\/cna.lpo.fr\/index.php?rest_route=\/wp\/v2\/pages"}],"about":[{"href":"https:\/\/cna.lpo.fr\/index.php?rest_route=\/wp\/v2\/types\/page"}],"author":[{"embeddable":true,"href":"https:\/\/cna.lpo.fr\/index.php?rest_route=\/wp\/v2\/users\/3"}],"replies":[{"embeddable":true,"href":"https:\/\/cna.lpo.fr\/index.php?rest_route=%2Fwp%2Fv2%2Fcomments&post=15641"}],"version-history":[{"count":0,"href":"https:\/\/cna.lpo.fr\/index.php?rest_route=\/wp\/v2\/pages\/15641\/revisions"}],"wp:attachment":[{"href":"https:\/\/cna.lpo.fr\/index.php?rest_route=%2Fwp%2Fv2%2Fmedia&parent=15641"}],"curies":[{"name":"wp","href":"https:\/\/api.w.org\/{rel}","templated":true}]}}